{"id":2,"date":"2014-11-21T04:51:49","date_gmt":"2014-11-21T04:51:49","guid":{"rendered":"http:\/\/localhost\/wordpress-4.0.1\/wordpress\/?page_id=2"},"modified":"2023-03-23T14:16:40","modified_gmt":"2023-03-23T14:16:40","slug":"sample-page","status":"publish","type":"page","link":"http:\/\/selectanord-stb.de\/?page_id=2","title":{"rendered":"\u00dcber uns"},"content":{"rendered":"<p>Wir sind eine\u00a0<strong>mittelst\u00e4ndische Steuerberatungsgesellschaft<\/strong>\u00a0mit dem\u00a0Standort in Norden (Niedersachsen).<\/p>\n<p><strong>Unser Ziel<\/strong>\u00a0ist, durch\u00a0<strong>qualitativ hochwertige<\/strong>, kompetente und seri\u00f6se Beratung und Dienstleistungen die wirtschaftliche und finanzielle Leistungsf\u00e4higkeit unserer Mandanten zu optimieren. Wir wollen den\u00a0<strong>finanziellen Erfolg<\/strong>\u00a0unserer Mandanten\u00a0<strong>steuern<\/strong>. Wir erkennen die hohe Verantwortung unserer Aufgabe und das Vertrauen unserer Mandanten in unsere Gesellschaft an und werden dem durch Wertsch\u00e4tzung unserer Kunden, individuelle Betreuung und engagiertem Handeln gerecht.<\/p>\n<p>Wir sind eine moderne Steuerberatungsgesellschaft mit\u00a0<strong>hoch zufriedenen Mandanten<\/strong>, die auf Basis langj\u00e4hriger Erfahrung und fundierten steuerrechtlichen und betriebswirtschaftlichen Sachkenntnissen auch den weiter wachsenden Bed\u00fcrfnissen unserer Kunden erfolgreich begegnet.<\/p>\n<p><b>Nadine Moneth, Steuerberaterin, Bachelor of Arts Taxation (Steuerrecht)\u00a0<\/b>hat 2007 das Abitur am Internat Hermann Lietz-Schule Spiekeroog bestanden und anschlie\u00dfend die Ausbildung zur Steuerfachangestellten in D\u00fcsseldorf bei der Selecta Steuerberatungsgesellschaft begonnen. Parallel zur Ausbildung begann sie das Studium zum B.A. Taxation an der\u00a0FOM Hochschule f\u00fcr Oekonomie &amp; Management in Duisburg. Nach erfolgreichem Abschluss der Ausbildung und des Studiums bereitete sie sich mit einem Masterstudium auf das Steuerberaterexamen vor.<\/p>\n<p>2019 absolvierte Nadine Moneth die Steuerberaterpr\u00fcfung und wurde zur Gesch\u00e4ftsf\u00fchrerin der Selecta Nord Steuerberatungsgesellschaft mbH.<\/p>\n<p><b>Dipl. Finanzwirt Reiner Moneth, Steuerberater, vereidigter Buchpr\u00fcfer\u00a0<\/b>studierte 1969 bis 1971 an der Fachhochschule f\u00fcr Finanzendes Landes NRW in Nordkirchen. Das Studium schloss er nach drei Jahren mit der Staatspr\u00fcfung ab. Er schied 1981 als Steueramtmann im Betriebspr\u00fcfungsdienst aus der Finanzverwaltung aus und studierte an der Heinrich-Heine Universit\u00e4t D\u00fcsseldorf Psychologie.<\/p>\n<p>1983 absolvierte Reiner Moneth die Steuerberaterpr\u00fcfung und gr\u00fcndete die Selecta Steuerberatungsgesellschaft mbH und wurde dort der erste Gesch\u00e4ftsf\u00fchrer. Im Jahr 1992 erfolgte die Pr\u00fcfung und Bestellung zum vereidigten Buchpr\u00fcfer. Im September 2003 erfolgte seine Ausbildung zum Wirtschaftsmediator durch das erste bundesweite Ausbildungsseminar der Bundessteuerberaterkammer.<\/p>\n<p>Nach mehr als 40 Jahren verf\u00fcgt Herr Moneth \u00fcber eine weitgef\u00e4cherte Berufserfahrung als Betriebspr\u00fcfer, Steuerberater, vereidigter Buchpr\u00fcfer und als Wirtschaftsmediator. Durch seine pers\u00f6nliche Ausrichtung ist er pr\u00e4destiniert f\u00fcr die Beratung im Unternehmensbereich und die Betreuung von Betriebspr\u00fcfungen sowie f\u00fcr die Vermittlung in Partnerschaften.<\/p>\n<p>Im Jahr 2014 wurde durch eine Abspaltung von der Selecta Steuerberatungsgesellschaft mbH die Selecta Nord Steuerberatungsgesellschaft mbH gegr\u00fcndet.<\/p>\n","protected":false},"excerpt":{"rendered":"<p>Wir sind eine\u00a0mittelst\u00e4ndische Steuerberatungsgesellschaft\u00a0mit dem\u00a0Standort in Norden (Niedersachsen). Unser Ziel\u00a0ist, durch\u00a0qualitativ hochwertige, kompetente und seri\u00f6se Beratung und Dienstleistungen die wirtschaftliche und finanzielle Leistungsf\u00e4higkeit unserer Mandanten zu optimieren. Wir wollen den\u00a0finanziellen Erfolg\u00a0unserer Mandanten\u00a0steuern. Wir erkennen die hohe Verantwortung unserer Aufgabe und [&hellip;]<\/p>\n","protected":false},"author":1,"featured_media":133,"parent":0,"menu_order":1,"comment_status":"closed","ping_status":"open","template":"","meta":{"spay_email":""},"_links":{"self":[{"href":"http:\/\/selectanord-stb.de\/index.php?rest_route=\/wp\/v2\/pages\/2"}],"collection":[{"href":"http:\/\/selectanord-stb.de\/index.php?rest_route=\/wp\/v2\/pages"}],"about":[{"href":"http:\/\/selectanord-stb.de\/index.php?rest_route=\/wp\/v2\/types\/page"}],"author":[{"embeddable":true,"href":"http:\/\/selectanord-stb.de\/index.php?rest_route=\/wp\/v2\/users\/1"}],"replies":[{"embeddable":true,"href":"http:\/\/selectanord-stb.de\/index.php?rest_route=%2Fwp%2Fv2%2Fcomments&post=2"}],"version-history":[{"count":7,"href":"http:\/\/selectanord-stb.de\/index.php?rest_route=\/wp\/v2\/pages\/2\/revisions"}],"predecessor-version":[{"id":144,"href":"http:\/\/selectanord-stb.de\/index.php?rest_route=\/wp\/v2\/pages\/2\/revisions\/144"}],"wp:featuredmedia":[{"embeddable":true,"href":"http:\/\/selectanord-stb.de\/index.php?rest_route=\/wp\/v2\/media\/133"}],"wp:attachment":[{"href":"http:\/\/selectanord-stb.de\/index.php?rest_route=%2Fwp%2Fv2%2Fmedia&parent=2"}],"curies":[{"name":"wp","href":"https:\/\/api.w.org\/{rel}","templated":true}]}}