{"id":18,"date":"2015-01-27T20:33:10","date_gmt":"2015-01-27T20:33:10","guid":{"rendered":"http:\/\/selectanord-stb.de\/?page_id=18"},"modified":"2023-03-23T10:57:50","modified_gmt":"2023-03-23T10:57:50","slug":"leistungen","status":"publish","type":"page","link":"http:\/\/selectanord-stb.de\/?page_id=18","title":{"rendered":"Leistungen"},"content":{"rendered":"<h3>Laufende Steuerberatung<\/h3>\n<ul>\n<li>Betreuung in allen Steuerangelegenheiten<\/li>\n<li>Erstellung von Jahresabschl\u00fcssen und Steuererkl\u00e4rungen<\/li>\n<li>Beratung bei Betriebspr\u00fcfungen und Verhandlungen mit den Finanzbeh\u00f6rden<\/li>\n<li>Finanzbuchhaltung und Lohnbuchhaltung<\/li>\n<li>Aktive Unternehmensberatung<\/li>\n<\/ul>\n<h3>Nachfolgeplanung<\/h3>\n<ul>\n<li>Konzeption und Umsetzung von Unternehmernachfolgen<\/li>\n<li>Verm\u00f6gensnachfolgeplanung f\u00fcr Privatverm\u00f6gen<\/li>\n<li>Gestaltung von vorweggenommenen Erbfolgen und Schenkungen<\/li>\n<li>Beratung bei personellen F\u00fchrungs- und Nachfolgeprojekten<\/li>\n<\/ul>\n<h3>Wirtschafts-Mediation<\/h3>\n<ul>\n<li>Strukturiertes freiwilliges Verfahren zur konstruktiven Beilegung oder Vermeidung eines wirtschaftlichen Konfliktes<\/li>\n<li>Herausarbeitung der dem Konflikt zugrundeliegenden Interessen und Bed\u00fcrfnisse der beteiligten Parteien<\/li>\n<\/ul>\n<h3>Unternehmensbewertung<\/h3>\n<ul>\n<li>Bewertungen zur Vorbereitung von Unternehmensk\u00e4ufen\/ -verk\u00e4ufen<\/li>\n<li>Kaufpreisaufteilungen nach nationalen und internationalen Vorschriften<\/li>\n<li>Bewertung von Unternehmen und einzelnen Verm\u00f6gensgegenst\u00e4nden aus steuerlichen Anl\u00e4ssen<\/li>\n<li>Moderation von Erbauseinandersetzungen<\/li>\n<\/ul>\n<h3>Unternehmenstransaktionen<\/h3>\n<ul>\n<li>Erwerb und Ver\u00e4u\u00dferung von Unternehmen und Beteiligungen<\/li>\n<li>Steuerrechtliche Betreuung von<\/li>\n<li>Verschmelzungen, Spaltungen, Ausgliederungen, Formwechseln und Einbringungen<\/li>\n<li>Strukturierung von Kapitalbeschaffungsma\u00dfnahmen, Unternehmensbewertungen<\/li>\n<\/ul>\n<h3>Immobilientransaktionen<\/h3>\n<ul>\n<li>Erwerb und Ver\u00e4u\u00dferung von Immobilien bzw. von Immobiliengesellschaften<\/li>\n<li>Due diligence (tax and financial due diligence)<\/li>\n<\/ul>\n<h3>Bilanzsteuerrecht<\/h3>\n<ul>\n<li>Jahresabschlusserstellung nach nationalen Bilanzierungsrichtlinien (Handelsgesetzbuch \u2013 HGB)<\/li>\n<li>Gutachterliche Stellungnahmen zur bilanz- und bilanzsteuerrechtlichen Fragestellung<\/li>\n<\/ul>\n<h3>Umsatzsteuerrecht<\/h3>\n<ul>\n<li>Beratung bei grenz\u00fcberschreitenden Sachverhalten, Dreiecks- und Reihengesch\u00e4ften, Werklieferungen, Arbeiten an beweglichen k\u00f6rperlichen Gegenst\u00e4nden und sonstigen Dienstleistungen (Gutachten, In-House-Seminare, Optimierung betrieblicher Abl\u00e4ufe)<\/li>\n<\/ul>\n<h3>Steuerspezifisches EDV-Know-How<\/h3>\n<ul>\n<li>Integration fremder Systeme in die Finanz- und Lohnbuchhaltung<\/li>\n<li>Schaffung von Datenschnittstellen zur Datenintegration<\/li>\n<li>Verfahrensverbesserungen und Automation von betriebswirtschaftlichen Vorg\u00e4ngen<\/li>\n<li>GDPdU, IDEA und Audicon<\/li>\n<\/ul>\n<h3>Steuerstrafrecht<\/h3>\n<ul>\n<li>Steuerstrafverteidigung in Zusammenarbeit mit renommierten Fachanw\u00e4lten<\/li>\n<li>Steuerstrafrechtliche Pr\u00e4ventivberatung<\/li>\n<li>Gutachten zu steuerstrafrechtlichen Fragen<\/li>\n<li>Beratung bei Nacherkl\u00e4rungen \/ Selbstanzeigen<\/li>\n<li>Tats\u00e4chliche Verst\u00e4ndigungen in laufenden Steuerstrafverfahren<\/li>\n<\/ul>\n<h3>Finanzierungsl\u00f6sungen<\/h3>\n<ul>\n<li>Erstellung von Planbilanzen als Entscheidungsgrundlage f\u00fcr Bankvertreter<\/li>\n<li>Liquidit\u00e4tsplanung und \u2013analysen<\/li>\n<li>Begleitung bei Finanzierungsangelegenheiten<\/li>\n<\/ul>\n","protected":false},"excerpt":{"rendered":"<p>Laufende Steuerberatung Betreuung in allen Steuerangelegenheiten Erstellung von Jahresabschl\u00fcssen und Steuererkl\u00e4rungen Beratung bei Betriebspr\u00fcfungen und Verhandlungen mit den Finanzbeh\u00f6rden Finanzbuchhaltung und Lohnbuchhaltung Aktive Unternehmensberatung Nachfolgeplanung Konzeption und Umsetzung von Unternehmernachfolgen Verm\u00f6gensnachfolgeplanung f\u00fcr Privatverm\u00f6gen Gestaltung von vorweggenommenen Erbfolgen und Schenkungen Beratung [&hellip;]<\/p>\n","protected":false},"author":1,"featured_media":0,"parent":0,"menu_order":2,"comment_status":"closed","ping_status":"open","template":"","meta":{"spay_email":""},"_links":{"self":[{"href":"http:\/\/selectanord-stb.de\/index.php?rest_route=\/wp\/v2\/pages\/18"}],"collection":[{"href":"http:\/\/selectanord-stb.de\/index.php?rest_route=\/wp\/v2\/pages"}],"about":[{"href":"http:\/\/selectanord-stb.de\/index.php?rest_route=\/wp\/v2\/types\/page"}],"author":[{"embeddable":true,"href":"http:\/\/selectanord-stb.de\/index.php?rest_route=\/wp\/v2\/users\/1"}],"replies":[{"embeddable":true,"href":"http:\/\/selectanord-stb.de\/index.php?rest_route=%2Fwp%2Fv2%2Fcomments&post=18"}],"version-history":[{"count":3,"href":"http:\/\/selectanord-stb.de\/index.php?rest_route=\/wp\/v2\/pages\/18\/revisions"}],"predecessor-version":[{"id":138,"href":"http:\/\/selectanord-stb.de\/index.php?rest_route=\/wp\/v2\/pages\/18\/revisions\/138"}],"wp:attachment":[{"href":"http:\/\/selectanord-stb.de\/index.php?rest_route=%2Fwp%2Fv2%2Fmedia&parent=18"}],"curies":[{"name":"wp","href":"https:\/\/api.w.org\/{rel}","templated":true}]}}