{"id":14,"date":"2015-01-27T20:24:42","date_gmt":"2015-01-27T20:24:42","guid":{"rendered":"http:\/\/selectanord-stb.de\/?page_id=14"},"modified":"2023-03-23T10:59:39","modified_gmt":"2023-03-23T10:59:39","slug":"impressum","status":"publish","type":"page","link":"http:\/\/selectanord-stb.de\/?page_id=14","title":{"rendered":"Impressum"},"content":{"rendered":"<p><strong>SELECTA NORD Steuerberatungsgesellschaft mbH<\/strong><\/p>\n<p>Marschweg 3<br \/>\n26506 Norden<\/p>\n<p>Telefon: +49 (0)\u00a04931 93 61 25<br \/>\nE-Mail: info@selectanord-stb.de<br \/>\nInternet: www.selectanord-stb.de<\/p>\n<p><strong>Vertretungsberechtigte Gesch\u00e4ftsf\u00fchrer:<\/strong><br \/>\nDipl.-Finanzwirt\u00a0Reiner Moneth, Steuerberater<\/p>\n<p>B.A. Taxation Nadine Moneth, Steuerberaterin<\/p>\n<p>Registergericht:\u00a0\u00a0Amtsgericht Aurich<br \/>\nRegisternummer:\u00a0HRB\u00a0203117<\/p>\n<p>Steuernummer: 58\/200\/68358<br \/>\nUSt-IdNr.: DE296054872<\/p>\n<h3>Zust\u00e4ndige Aufsichtsbeh\u00f6rde:<\/h3>\n<p>Steuerberaterkammer Niedersachsen<br \/>\nAdenauerallee 20<br \/>\n30175\u00a0Hannover<\/p>\n<p><strong>Berufsrechtliche Regelungen:<\/strong><\/p>\n<p>Der Berufsstand der Wirtschaftspr\u00fcfer unterliegt im Wesentlichen den folgenden gesetzlichen Regelungen:<\/p>\n<ul>\n<li>Wirtschaftspr\u00fcferordnung (WPO)<\/li>\n<li>Siegel VO<\/li>\n<li>Wirtschaftspr\u00fcfer-Berufshaftpflichtversicherungsverordnung (WPBHV)<\/li>\n<li>Wirtschaftspr\u00fcferpr\u00fcfungsverordnung (WiPrPr\u00fcfV)<\/li>\n<li>Berufssatzung f\u00fcr Wirtschaftspr\u00fcfer\/vereidigte Buchpr\u00fcfer (BS WP\/vBP)<\/li>\n<li>Satzung f\u00fcr Qualit\u00e4tskontrolle<\/li>\n<\/ul>\n<p>Die berufsrechtlichen Regelungen k\u00f6nnen auf der Homepage der Wirtschaftspr\u00fcferkammer (www.wpk.de) eingesehen werden.<\/p>\n<p>Der Berufsstand der Steuerberater unterliegt im Wesentlichen den folgenden gesetzlichen Regelungen:<\/p>\n<ul>\n<li>Steuerberatungsgesetz (StBerG)<\/li>\n<li>Durchf\u00fchrungsverordnung zum Steuerberatungsgesetz (DVStB)<\/li>\n<li>Berufsordnung (BOStB)<\/li>\n<li>Steuerberatergeb\u00fchrenverordnung (StBGebV)<\/li>\n<\/ul>\n<p>Die berufsrechtlichen Regelungen k\u00f6nnen auf der Homepage der Bundessteuerberaterkammer (www.bstbk.de) eingesehen werden.<\/p>\n<p><strong>Berufshaftpflichtversicherung<\/strong><\/p>\n<p>Die Berufshaftpflichtversicherung besteht bei der ERGO Versicherung. Der r\u00e4umliche Geltungsbereich des Versicherungsschutzes umfasst T\u00e4tigkeiten in den Mitgliedsl\u00e4ndern der Europ\u00e4ischen Union und gen\u00fcgt so mindestens den Anforderungen des \u00a7 67 Steuerberatungsgesetz (StBerG), der \u00a7\u00a7 51 ff. Verordnung zur Durchf\u00fchrung der Vorschriften \u00fcber Steuerberater, Steuerbevollm\u00e4chtigte und Steuerberatungsgesellschaften (DVStB) und des \u00a7 54 Wirtschaftspr\u00fcferordnung (WPO) in Verbindung mit der Verordnung \u00fcber die Berufshaftpflichtversicherung der Wirtschaftspr\u00fcfer und vereidigten Buchpr\u00fcfer (WPBHV).<\/p>\n<p><strong>Haftungshinweis:<\/strong><\/p>\n<p>Trotz sorgf\u00e4ltiger inhaltlicher Kontrolle \u00fcbernehmen wir keine Haftung f\u00fcr die Inhalte externer Links. F\u00fcr den Inhalt der verlinkten Seiten sind ausschlie\u00dflich deren Betreiber verantwortlich.<\/p>\n<p>Die SELECTA NORD\u00a0Steuerberatungsgesellschaft \u00fcbernimmt keinerlei Gew\u00e4hr f\u00fcr Korrektheit, Vollst\u00e4ndigkeit oder Aktualit\u00e4t der dargebotenen Informationen. F\u00fcr ideelle oder materielle Sch\u00e4den, welche durch die Nutzung oder Nichtnutzung der bereitgestellten Informationen bzw. durch die Nutzung fehlerhafter oder unvollst\u00e4ndiger Informationen verursacht werden, \u00fcbernimmt die SELECTA NORD\u00a0Steuerberatungsgesellschaft keine Haftung, sofern der SELECTA NORD\u00a0Steuerberatungsgesellschaft kein vors\u00e4tzliches oder grob fahrl\u00e4ssiges Verschulden nachgewiesen werden kann.<\/p>\n","protected":false},"excerpt":{"rendered":"<p>SELECTA NORD Steuerberatungsgesellschaft mbH Marschweg 3 26506 Norden Telefon: +49 (0)\u00a04931 93 61 25 E-Mail: info@selectanord-stb.de Internet: www.selectanord-stb.de Vertretungsberechtigte Gesch\u00e4ftsf\u00fchrer: Dipl.-Finanzwirt\u00a0Reiner Moneth, Steuerberater B.A. Taxation Nadine Moneth, Steuerberaterin Registergericht:\u00a0\u00a0Amtsgericht Aurich Registernummer:\u00a0HRB\u00a0203117 Steuernummer: 58\/200\/68358 USt-IdNr.: DE296054872 Zust\u00e4ndige Aufsichtsbeh\u00f6rde: Steuerberaterkammer Niedersachsen Adenauerallee [&hellip;]<\/p>\n","protected":false},"author":1,"featured_media":0,"parent":0,"menu_order":4,"comment_status":"closed","ping_status":"open","template":"","meta":{"spay_email":""},"_links":{"self":[{"href":"http:\/\/selectanord-stb.de\/index.php?rest_route=\/wp\/v2\/pages\/14"}],"collection":[{"href":"http:\/\/selectanord-stb.de\/index.php?rest_route=\/wp\/v2\/pages"}],"about":[{"href":"http:\/\/selectanord-stb.de\/index.php?rest_route=\/wp\/v2\/types\/page"}],"author":[{"embeddable":true,"href":"http:\/\/selectanord-stb.de\/index.php?rest_route=\/wp\/v2\/users\/1"}],"replies":[{"embeddable":true,"href":"http:\/\/selectanord-stb.de\/index.php?rest_route=%2Fwp%2Fv2%2Fcomments&post=14"}],"version-history":[{"count":13,"href":"http:\/\/selectanord-stb.de\/index.php?rest_route=\/wp\/v2\/pages\/14\/revisions"}],"predecessor-version":[{"id":140,"href":"http:\/\/selectanord-stb.de\/index.php?rest_route=\/wp\/v2\/pages\/14\/revisions\/140"}],"wp:attachment":[{"href":"http:\/\/selectanord-stb.de\/index.php?rest_route=%2Fwp%2Fv2%2Fmedia&parent=14"}],"curies":[{"name":"wp","href":"https:\/\/api.w.org\/{rel}","templated":true}]}}